{"id":4413,"date":"2023-08-28T08:23:58","date_gmt":"2023-08-28T06:23:58","guid":{"rendered":"https:\/\/www.sienna9.pl\/rezerwacja-sali\/"},"modified":"2025-04-02T11:56:42","modified_gmt":"2025-04-02T09:56:42","slug":"rezerwacja-sali","status":"publish","type":"page","link":"https:\/\/sienna9.pl\/de\/rezerwacja-sali\/","title":{"rendered":"Zimmer buchen"},"content":{"rendered":"<div class=\"wpb-content-wrapper\"><p>[vc_row bg_custom=&#8220;row-full-screen&#8220; bg_color_percent=&#8220;25%&#8220; canvas=&#8220;%5B%7B%22shape%22%3A%22shape-1%22%2C%22image_effect%22%3A%22style-1%22%2C%22smoothness%22%3A%2230%22%7D%5D&#8220;][vc_column css_animation=&#8220;fadeIn&#8220;][vc_row_inner][vc_column_inner width=&#8220;1\/3&#8243;]<h2 class=\"deeper-text align-center \" style=\"font-size:28px;letter-spacing:-0.2px;margin-bottom:40px;\" ><span>Ausbildung<\/span>\n<\/h2>[\/vc_column_inner][vc_column_inner width=&#8220;1\/3&#8243;]<h2 class=\"deeper-text align-center \" style=\"font-size:28px;letter-spacing:-0.2px;margin-bottom:40px;\" ><span>Gesch\u00e4ftstreffen<\/span>\n<\/h2>[\/vc_column_inner][vc_column_inner width=&#8220;1\/3&#8243;]<h2 class=\"deeper-text align-center \" style=\"font-size:28px;letter-spacing:-0.2px;margin-bottom:40px;\" ><span>Coworking<\/span>\n<\/h2>[\/vc_column_inner][\/vc_row_inner]<h6 class=\"deeper-text align-center  text-has-width\" style=\"font-size:18px;font-weight:600;line-height:27px;letter-spacing:-0.2px;max-width:850px;color:#556575;font-family:Open Sans;\" ><span>Wir vermieten moderne, voll ausgestattete R\u00e4ume von 19 m2 und 11 m2 f\u00fcr Schulungen, Gesch\u00e4ftstreffen oder Schreibtischarbeit.<\/span>\n<\/h6>[vc_row_inner][vc_column_inner width=&#8220;1\/3&#8243;]<div class=\"deeper-fancy-image simple \" style=\" width:260px;text-align:center; margin:0 auto;\" >\n\t\t\t\t\t\t\t<img decoding=\"async\" alt=\"image\" src=\"https:\/\/sienna9.pl\/wp-content\/uploads\/2023\/09\/podkowa.png\" \/> \n\t\t\t\t\t\t<\/div><h4 class=\"deeper-text align-center \" style=\"font-size:20px;letter-spacing:-0.2px;margin-bottom:40px;\" ><span>Hufeisen-Anordnung<br \/>\nbietet Platz f\u00fcr bis zu 12 Teilnehmer<\/span>\n<\/h4>[\/vc_column_inner][vc_column_inner width=&#8220;1\/3&#8243;]<div class=\"deeper-fancy-image simple \" style=\" width:260px;text-align:center; margin:0 auto;\" >\n\t\t\t\t\t\t\t<img decoding=\"async\" alt=\"image\" src=\"https:\/\/sienna9.pl\/wp-content\/uploads\/2023\/09\/teatralny.png\" \/> \n\t\t\t\t\t\t<\/div><h4 class=\"deeper-text align-center \" style=\"font-size:20px;letter-spacing:-0.2px;margin-bottom:40px;\" ><span>Theater&#8220;-Layout<br \/>\nbietet Platz f\u00fcr bis zu 18 Teilnehmer<\/span>\n<\/h4>[\/vc_column_inner][vc_column_inner width=&#8220;1\/3&#8243;]<div class=\"deeper-fancy-image simple \" style=\" width:260px;text-align:center; margin:0 auto;\" >\n\t\t\t\t\t\t\t<img decoding=\"async\" alt=\"image\" src=\"https:\/\/sienna9.pl\/wp-content\/uploads\/2023\/09\/custom.png\" \/> \n\t\t\t\t\t\t<\/div><h4 class=\"deeper-text align-center \" style=\"font-size:20px;letter-spacing:-0.2px;margin-bottom:40px;\" ><span>Tische und St\u00fchle k\u00f6nnen<br \/>\nin jeder beliebigen Konfiguration angeordnet werden<\/span>\n<\/h4>[\/vc_column_inner][\/vc_row_inner][vc_empty_space height=&#8220;80px&#8220;][\/vc_column][vc_column width=&#8220;1\/3&#8243;]<div class=\"deeper-content-box clearfix ctb-1287191129\" style=\"\" data-config='{\"padding\":\"20% 5% 0 0\",\"mobiPadding\":\"0\",\"margin\":\"0\",\"mobiMargin\":\"0\",\"borderStyle\":\"solid\"}'>\n\t\t\t\t\t<div class=\"inner \" style=\"\">\n\t\t\t\t\t\t<h2 class=\"deeper-text align-left \" style=\"font-size:28px;letter-spacing:-0.2px;margin-bottom:30px;\" ><span>Preisgestaltung:<\/span>\n<\/h2><div class=\"deeper-text align-left \" style=\"font-size:15px;line-height:25px;letter-spacing:0.2px;margin-bottom:20px;\" ><span>MIETE &#8211; <strong>50 PLN \/ STUNDE*<\/strong><br \/>\nPROJEKTOR &#8211; <strong>20 PLN \/ TAG<\/strong><br \/>\nFLIPCHART &#8211;<strong> FREI<\/strong><br \/>\n<strong>WIFI-ZUGANG &#8211; KOSTENLOS<\/strong><br \/>\nKAFFEEPAUSE &#8211; <strong>AB 15 Z\u0141 \/ PERSON<\/strong><br \/>\nWOCHENENDE-PREIS &#8211; <b>+50%<\/b><br \/>\nTARIF NACH 17:00 UHR &#8211; <b>+50%<\/b><\/span>\n<\/div>[vc_column_text]<\/p>\n<p class=\"font-size-16 line-height-24\">*Rabatte f\u00fcr Kunden des virtuellen B\u00fcros:<br \/>\n-20% (Standard-Paket)<br \/>\n-40% (Premium-Paket)<\/p>\n<p>[\/vc_column_text][vc_empty_space height=&#8220;45px&#8220;]<div class=\"url-wrap  align-left\">\n\t\t\t\t\t\t<a class=\"deeper-button button-accent medium\" style=\"\" href=https:\/\/sienna9.desktomy.pl\/noauth\/booking >Ein Zimmer online buchen<\/a>\n\t\t\t\t\t<\/div>\n\t\t\t\t\t<\/div>\n\t\t\t\t<\/div><div class=\"deeper-spacer clearfix\" data-config='{\"smobile\":50}'><\/div>[\/vc_column][vc_column width=&#8220;2\/3&#8243;]\n\t\t\t<div class=\"deeper-carousel-box  column-1 column2-1 column3-1 column4-1 gap-0 arrow-style-4 dots-style-2 has-arrows arrow-top arrow-offset-x20 has-bullets bullet-offset-80 bullet-center\" data-config='{\"cellAlign\":\"left\",\"autoPlay\":3000,\"fullAside\":false,\"wrapAround\":false,\"groupCells\":false,\"prevNextButtons\":true,\"pageDots\":true}'>\n\t\t\t\t<div class=\"deeper-fancy-image simple \" style=\"border-radius:20px;overflow:hidden;\" >\n\t\t\t\t\t\t\t<img decoding=\"async\" alt=\"image\" src=\"https:\/\/sienna9.pl\/wp-content\/uploads\/2023\/08\/IMG_9384-1.jpg\" \/> \n\t\t\t\t\t\t<\/div><div class=\"deeper-fancy-image simple \" style=\"border-radius:20px;overflow:hidden;\" >\n\t\t\t\t\t\t\t<img decoding=\"async\" alt=\"image\" src=\"https:\/\/sienna9.pl\/wp-content\/uploads\/2023\/08\/IMG_2021.jpg\" \/> \n\t\t\t\t\t\t<\/div><div class=\"deeper-fancy-image simple \" style=\"border-radius:20px;overflow:hidden;\" >\n\t\t\t\t\t\t\t<img decoding=\"async\" alt=\"image\" src=\"https:\/\/sienna9.pl\/wp-content\/uploads\/2023\/08\/IMG_2081.jpg\" \/> \n\t\t\t\t\t\t<\/div><div class=\"deeper-fancy-image simple \" style=\"border-radius:20px;overflow:hidden;\" >\n\t\t\t\t\t\t\t<img decoding=\"async\" alt=\"image\" src=\"https:\/\/sienna9.pl\/wp-content\/uploads\/2023\/08\/IMG_9399.jpg\" \/> \n\t\t\t\t\t\t<\/div><div class=\"deeper-fancy-image simple \" style=\"border-radius:20px;overflow:hidden;\" >\n\t\t\t\t\t\t\t<img decoding=\"async\" alt=\"image\" src=\"https:\/\/sienna9.pl\/wp-content\/uploads\/2023\/08\/IMG_9632-scaled.jpg\" \/> \n\t\t\t\t\t\t<\/div>\t\t\t<\/div><!-- \/.deeper-carousel-box -->\n\n\t\t\t[\/vc_column][\/vc_row]<\/p>\n<\/div>","protected":false},"excerpt":{"rendered":"<p>[vc_row bg_custom=&#8220;row-full-screen&#8220; bg_color_percent=&#8220;25%&#8220; canvas=&#8220;%5B%7B%22shape%22%3A%22shape-1%22%2C%22image_effect%22%3A%22style-1%22%2C%22smoothness%22%3A%2230%22%7D%5D&#8220;][vc_column css_animation=&#8220;fadeIn&#8220;][vc_row_inner][vc_column_inner width=&#8220;1\/3&#8243;][\/vc_column_inner][vc_column_inner width=&#8220;1\/3&#8243;][\/vc_column_inner][vc_column_inner width=&#8220;1\/3&#8243;][\/vc_column_inner][\/vc_row_inner][vc_row_inner][vc_column_inner width=&#8220;1\/3&#8243;][\/vc_column_inner][vc_column_inner width=&#8220;1\/3&#8243;][\/vc_column_inner][vc_column_inner width=&#8220;1\/3&#8243;][\/vc_column_inner][\/vc_row_inner][vc_empty_space height=&#8220;80px&#8220;][\/vc_column][vc_column width=&#8220;1\/3&#8243;][\/vc_column][vc_column width=&#8220;2\/3&#8243;][\/vc_column][\/vc_row]<\/p>\n","protected":false},"author":1,"featured_media":0,"parent":0,"menu_order":0,"comment_status":"closed","ping_status":"closed","template":"","meta":{"footnotes":""},"class_list":["post-4413","page","type-page","status-publish","hentry"],"_links":{"self":[{"href":"https:\/\/sienna9.pl\/de\/wp-json\/wp\/v2\/pages\/4413","targetHints":{"allow":["GET"]}}],"collection":[{"href":"https:\/\/sienna9.pl\/de\/wp-json\/wp\/v2\/pages"}],"about":[{"href":"https:\/\/sienna9.pl\/de\/wp-json\/wp\/v2\/types\/page"}],"author":[{"embeddable":true,"href":"https:\/\/sienna9.pl\/de\/wp-json\/wp\/v2\/users\/1"}],"replies":[{"embeddable":true,"href":"https:\/\/sienna9.pl\/de\/wp-json\/wp\/v2\/comments?post=4413"}],"version-history":[{"count":1,"href":"https:\/\/sienna9.pl\/de\/wp-json\/wp\/v2\/pages\/4413\/revisions"}],"predecessor-version":[{"id":5189,"href":"https:\/\/sienna9.pl\/de\/wp-json\/wp\/v2\/pages\/4413\/revisions\/5189"}],"wp:attachment":[{"href":"https:\/\/sienna9.pl\/de\/wp-json\/wp\/v2\/media?parent=4413"}],"curies":[{"name":"wp","href":"https:\/\/api.w.org\/{rel}","templated":true}]}}