{"id":4402,"date":"2020-06-11T07:31:59","date_gmt":"2020-06-11T05:31:59","guid":{"rendered":"https:\/\/www.sienna9.pl\/kontakt\/"},"modified":"2025-12-15T13:25:51","modified_gmt":"2025-12-15T12:25:51","slug":"kontakt","status":"publish","type":"page","link":"https:\/\/sienna9.pl\/de\/kontakt\/","title":{"rendered":"Kontakt"},"content":{"rendered":"<div class=\"wpb-content-wrapper\"><p>[vc_row equal_height=&#8220;yes&#8220; canvas=&#8220;%5B%7B%22shape%22%3A%22shape-1%22%2C%22image_effect%22%3A%22style-1%22%2C%22smoothness%22%3A%2230%22%7D%5D&#8220; el_id=&#8220;contact-row&#8220;][vc_column]<div class=\"deeper-spacer clearfix\" data-config='{\"desktop\":100,\"mobile\":80,\"smobile\":80}'><\/div>[\/vc_column][vc_column css_animation=&#8220;fadeIn&#8220; width=&#8220;1\/2&#8243; offset=&#8220;vc_col-md-4&#8243;]<div class=\"deeper-content-box clearfix ctb-1125723246 hover-effect-3 wow fadeInUp\" style=\"\" data-config='{\"padding\":\"55px 0 60px\",\"mobiPadding\":\"55px 0 60px\",\"margin\":\"0\",\"mobiMargin\":\"0\",\"round\":\"10px\",\"border\":\"1px\",\"borderStyle\":\"solid\",\"borderColor\":\"#e7e7e7\",\"borderColorHover\":\"#ffffff\"}' data-wow-duration=\"0.75s\" data-wow-delay=\"0.3s\">\n\t\t\t\t\t<div class=\"inner \" style=\"overflow:hidden;\">\n\t\t\t\t\t\t<div class=\"deeper-icon-box clearfix icon-top align-center\" style=\"\" >\n\t\t\t\t\t<div class=\"deeper-icon icon-font icon-393597850\" data-config='{\"color\":\"#feca3c\",\"fontSize\":\"45px\",\"height\":\"40px\",\"lineHeight\":\"40px\",\"margin\":\"0 0 25px 0\"}'>\n\t\t\t\t\t\t\t<span class=\"icon-wrap \"><i class=\"pe-7s-map-2\"><\/i><\/span>\n\t\t\t\t\t\t<\/div> <h3 class=\"heading \" style=\"font-size:20px;letter-spacing:-0.2px;margin-bottom:15px;\">\n\t\t\t\t\t\t<span>Unser Standort<\/span>\n\t\t\t\t\t<\/h3><div class=\"desc \" style=\"font-size:16px;letter-spacing:-0.01px;\"><ul class=\"no-margin\">\n<li>Stra\u00dfe. Sienna 9<\/li>\n<li>70-542 Szczecin<\/li>\n<\/ul>\n<\/div> \n\t\t\t\t<\/div>\n\t\t\t\t\t<\/div>\n\t\t\t\t<\/div><div class=\"deeper-spacer clearfix\" data-config='{\"desktop\":30,\"mobile\":30,\"smobile\":30}'><\/div>[\/vc_column][vc_column css_animation=&#8220;fadeIn&#8220; width=&#8220;1\/2&#8243; offset=&#8220;vc_col-md-4&#8243;]<div class=\"deeper-content-box clearfix ctb-2115869211 hover-effect-3 wow fadeInUp\" style=\"\" data-config='{\"padding\":\"55px 0 60px\",\"mobiPadding\":\"55px 0 60px\",\"margin\":\"0\",\"mobiMargin\":\"0\",\"round\":\"10px\",\"border\":\"1px\",\"borderStyle\":\"solid\",\"borderColor\":\"#e7e7e7\",\"borderColorHover\":\"#ffffff\"}' data-wow-duration=\"0.75s\" data-wow-delay=\"0.5s\">\n\t\t\t\t\t<div class=\"inner \" style=\"overflow:hidden;\">\n\t\t\t\t\t\t<div class=\"deeper-icon-box clearfix icon-top align-center\" style=\"\" >\n\t\t\t\t\t<div class=\"deeper-icon icon-font icon-1979126158\" data-config='{\"color\":\"#feca3c\",\"fontSize\":\"45px\",\"height\":\"40px\",\"lineHeight\":\"40px\",\"margin\":\"0 0 25px 0\"}'>\n\t\t\t\t\t\t\t<span class=\"icon-wrap \"><i class=\"pe-7s-phone\"><\/i><\/span>\n\t\t\t\t\t\t<\/div> <h3 class=\"heading \" style=\"font-size:20px;letter-spacing:-0.2px;margin-bottom:15px;\">\n\t\t\t\t\t\t<span>Rufen Sie uns an<\/span>\n\t\t\t\t\t<\/h3><div class=\"desc \" style=\"font-size:16px;letter-spacing:-0.01px;\"><ul class=\"no-margin\">\n<li><a href=\"tel:+48609624820\">+48 609 624 820<\/a> &#8211; Sekretariat<\/li>\n<li><a href=\"tel:+48605619529\">+48 605 619 529<\/a> &#8211; Manager<\/li>\n<\/ul>\n<\/div> \n\t\t\t\t<\/div>\n\t\t\t\t\t<\/div>\n\t\t\t\t<\/div><div class=\"deeper-spacer clearfix\" data-config='{\"desktop\":30,\"mobile\":30,\"smobile\":30}'><\/div>[\/vc_column][vc_column css_animation=&#8220;fadeIn&#8220; width=&#8220;1\/2&#8243; offset=&#8220;vc_col-md-4&#8243;]<div class=\"deeper-content-box clearfix ctb-677597332 hover-effect-3 wow fadeInUp\" style=\"\" data-config='{\"padding\":\"55px 0 60px\",\"mobiPadding\":\"55px 0 60px\",\"margin\":\"0\",\"mobiMargin\":\"0\",\"round\":\"10px\",\"border\":\"1px\",\"borderStyle\":\"solid\",\"borderColor\":\"#e7e7e7\",\"borderColorHover\":\"#ffffff\"}' data-wow-duration=\"0.75s\" data-wow-delay=\"0.9s\">\n\t\t\t\t\t<div class=\"inner \" style=\"overflow:hidden;\">\n\t\t\t\t\t\t<div class=\"deeper-icon-box clearfix icon-top align-center\" style=\"\" >\n\t\t\t\t\t<div class=\"deeper-icon icon-font icon-253413676\" data-config='{\"color\":\"#feca3c\",\"fontSize\":\"45px\",\"height\":\"40px\",\"lineHeight\":\"40px\",\"margin\":\"0 0 25px 0\"}'>\n\t\t\t\t\t\t\t<span class=\"icon-wrap \"><i class=\"pe-7s-mail\"><\/i><\/span>\n\t\t\t\t\t\t<\/div> <h3 class=\"heading \" style=\"font-size:20px;letter-spacing:-0.2px;margin-bottom:15px;\">\n\t\t\t\t\t\t<span>Schreiben Sie uns<\/span>\n\t\t\t\t\t<\/h3><div class=\"desc \" style=\"font-size:16px;letter-spacing:-0.01px;\"><ul class=\"no-margin\">\n<li style=\"list-style-type: none;\">\n<ul class=\"no-margin\">\n<li><a href=\"mailto:biuro@sienna9.pl\">biuro@sienna9.pl<\/a><\/li>\n<\/ul>\n<\/li>\n<\/ul>\n<\/div> \n\t\t\t\t<\/div>\n\t\t\t\t\t<\/div>\n\t\t\t\t<\/div><div class=\"deeper-spacer clearfix\" data-config='{\"desktop\":30,\"mobile\":30,\"smobile\":30}'><\/div>[\/vc_column][vc_column css_animation=&#8220;fadeIn&#8220;][vc_row_inner][vc_column_inner width=&#8220;1\/3&#8243;]<div class=\"deeper-text align-center \" style=\"\" ><span>Pierwszy Urz\u0105d Skarbowy w Szczecinie<\/span>\n<\/div><div class=\"deeper-text align-center \" style=\"\" ><span>Stra\u00dfe. Micha\u0142a Drzyma\u0142y Nummer 5 (Geb\u00e4ude B)<\/span>\n<\/div><div class=\"deeper-text align-center \" style=\"\" ><span>Stra\u00dfe. Potulicka 59 (Geb\u00e4ude A)<\/span>\n<\/div><div class=\"deeper-text align-center \" style=\"\" ><span>70-217 Szczecin<\/span>\n<\/div><div class=\"deeper-spacer clearfix\" data-config='{\"mobile\":30,\"smobile\":30}'><\/div>[\/vc_column_inner][vc_column_inner width=&#8220;1\/3&#8243;]<div class=\"deeper-text align-center \" style=\"\" ><span>XIII Wydzia\u0142 Gospodarczy &#8211;<\/span>\n<\/div><div class=\"deeper-text align-center \" style=\"\" ><span>Krajowego Rejestru S\u0105dowego<\/span>\n<\/div><div class=\"deeper-text align-center \" style=\"\" ><span>Stra\u00dfe. Ks. Kardyna\u0142a Stefana Wyszy\u0144skiego 30<\/span>\n<\/div><div class=\"deeper-text align-center \" style=\"\" ><span>70-203 Szczecin<\/span>\n<\/div><div class=\"deeper-spacer clearfix\" data-config='{\"mobile\":30,\"smobile\":30}'><\/div>[\/vc_column_inner][vc_column_inner width=&#8220;1\/3&#8243;]<div class=\"deeper-text align-center \" style=\"\" ><span>ZUS Oddzia\u0142 w Szczecinie<\/span>\n<\/div><div class=\"deeper-text align-center \" style=\"\" ><span>70-530 Szczecin, Stra\u00dfe. Matejki 22<\/span>\n<\/div><div class=\"deeper-spacer clearfix\" data-config='{\"mobile\":30,\"smobile\":30}'><\/div><div class=\"deeper-text align-center \" style=\"\" ><span>70-769 Szczecin Stra\u00dfe. Andre Citroena 2<\/span>\n<\/div>[\/vc_column_inner][\/vc_row_inner][\/vc_column][\/vc_row][vc_row full_width=&#8220;stretch_row&#8220; canvas=&#8220;%5B%7B%22shape%22%3A%22shape-1%22%2C%22image_effect%22%3A%22style-1%22%2C%22smoothness%22%3A%2230%22%7D%5D&#8220; css=&#8220;.vc_custom_1594700231712{background-position: center !important;background-repeat: no-repeat !important;background-size: cover !important;}&#8220;][vc_column][vc_empty_space height=&#8220;65px&#8220;]<h2 class=\"deeper-text align-center \" style=\"font-size:28px;letter-spacing:-0.2px;\" ><span>M\u00f6chten Sie mehr dar\u00fcber erfahren? Schreiben Sie uns!<\/span>\n<\/h2><h2 class=\"deeper-text align-center \" style=\"font-size:28px;letter-spacing:-0.2px;\" ><span>Wir werden uns innerhalb von 24 Stunden mit Ihnen in Verbindung setzen.<\/span>\n<\/h2>[vc_empty_space height=&#8220;65px&#8220;]<div class=\"deeper-cf7   align-left\" style=\"max-width:750px; margin:0 auto;\">\n<div class=\"wpcf7 no-js\" id=\"wpcf7-f4477-o1\" lang=\"pl-PL\" dir=\"ltr\" data-wpcf7-id=\"4477\">\n<div class=\"screen-reader-response\"><p role=\"status\" aria-live=\"polite\" aria-atomic=\"true\"><\/p> <ul><\/ul><\/div>\n<form action=\"\/de\/wp-json\/wp\/v2\/pages\/4402#wpcf7-f4477-o1\" method=\"post\" class=\"wpcf7-form init\" aria-label=\"Formularz kontaktowy\" novalidate=\"novalidate\" data-status=\"init\">\n<fieldset class=\"hidden-fields-container\"><input type=\"hidden\" name=\"_wpcf7\" value=\"4477\" \/><input type=\"hidden\" name=\"_wpcf7_version\" value=\"6.1.5\" \/><input type=\"hidden\" name=\"_wpcf7_locale\" value=\"pl_PL\" \/><input type=\"hidden\" name=\"_wpcf7_unit_tag\" value=\"wpcf7-f4477-o1\" \/><input type=\"hidden\" name=\"_wpcf7_container_post\" value=\"0\" \/><input type=\"hidden\" name=\"_wpcf7_posted_data_hash\" value=\"\" \/><input type=\"hidden\" name=\"_wpcf7_recaptcha_response\" value=\"\" \/>\n<\/fieldset>\n<p><label> Name der Person:<br \/>\n<span class=\"wpcf7-form-control-wrap\" data-name=\"your-name\"><input size=\"40\" maxlength=\"400\" class=\"wpcf7-form-control wpcf7-text wpcf7-validates-as-required\" autocomplete=\"name\" aria-required=\"true\" aria-invalid=\"false\" value=\"\" type=\"text\" name=\"your-name\" \/><\/span> <\/label>\n<\/p>\n<p><label> E-Mail:<br \/>\n<span class=\"wpcf7-form-control-wrap\" data-name=\"your-email\"><input size=\"40\" maxlength=\"400\" class=\"wpcf7-form-control wpcf7-email wpcf7-validates-as-required wpcf7-text wpcf7-validates-as-email\" autocomplete=\"email\" aria-required=\"true\" aria-invalid=\"false\" value=\"\" type=\"email\" name=\"your-email\" \/><\/span> <\/label>\n<\/p>\n<p><label> Betreff der Nachricht:<br \/>\n<span class=\"wpcf7-form-control-wrap\" data-name=\"your-subject\"><input size=\"40\" maxlength=\"400\" class=\"wpcf7-form-control wpcf7-text wpcf7-validates-as-required\" aria-required=\"true\" aria-invalid=\"false\" value=\"\" type=\"text\" name=\"your-subject\" \/><\/span> <\/label>\n<\/p>\n<p><label> Nachricht:<br \/>\n<span class=\"wpcf7-form-control-wrap\" data-name=\"your-message\"><textarea cols=\"40\" rows=\"10\" maxlength=\"2000\" class=\"wpcf7-form-control wpcf7-textarea\" aria-invalid=\"false\" name=\"your-message\"><\/textarea><\/span> <\/label>\n<\/p>\n<p><input class=\"wpcf7-form-control wpcf7-submit has-spinner\" type=\"submit\" value=\"Senden Sie\" \/>\n<\/p><div class=\"wpcf7-response-output\" aria-hidden=\"true\"><\/div>\n<\/form>\n<\/div>\n<\/div>[vc_empty_space height=&#8220;65px&#8220;][\/vc_column][\/vc_row][vc_row full_width=&#8220;stretch_row&#8220; canvas=&#8220;%5B%7B%22shape%22%3A%22shape-1%22%2C%22image_effect%22%3A%22style-1%22%2C%22smoothness%22%3A%2230%22%7D%5D&#8220; css=&#8220;.vc_custom_1693205360528{background-position: center !important;background-repeat: no-repeat !important;background-size: cover !important;}&#8220;][vc_column][vc_gmaps link=&#8220;#E-8_JTNDaWZyYW1lJTIwc3JjJTNEJTIyaHR0cHMlM0ElMkYlMkZ3d3cuZ29vZ2xlLmNvbSUyRm1hcHMlMkZlbWJlZCUzRnBiJTNEJTIxMW0xOCUyMTFtMTIlMjExbTMlMjExZDIzNzcuNTAzNTY1NjE4MDE1MyUyMTJkMTQuNTU4Mzc4OTg1ODQ4MTU0JTIxM2Q1My40MjM3MDM5NjYzMDEzNCUyMTJtMyUyMTFmMCUyMTJmMCUyMTNmMCUyMTNtMiUyMTFpMTAyNCUyMTJpNzY4JTIxNGYxMy4xJTIxM20zJTIxMW0yJTIxMXMweDQ3YWEwOTBmNzZiZDFlYWIlMjUzQTB4YjE5MDM4NDEzY2FhYmNiZiUyMTJzV2lydHVhbG5lJTI1MjBCaXVybyUyNTIwU2llbm5hJTI1MjA5JTIxNWUwJTIxM20yJTIxMXNlbiUyMTJzcGwlMjE0djE2OTMyMDUzMDQwNjIlMjE1bTIlMjExc2VuJTIxMnNwbCUyMiUyMHdpZHRoJTNEJTIyNjAwJTIyJTIwaGVpZ2h0JTNEJTIyNDUwJTIyJTIwc3R5bGUlM0QlMjJib3JkZXIlM0EwJTNCJTIyJTIwYWxsb3dmdWxsc2NyZWVuJTNEJTIyJTIyJTIwbG9hZGluZyUzRCUyMmxhenklMjIlMjByZWZlcnJlcnBvbGljeSUzRCUyMm5vLXJlZmVycmVyLXdoZW4tZG93bmdyYWRlJTIyJTNFJTNDJTJGaWZyYW1lJTNF&#8220; size=&#8220;&#8220;][\/vc_column][\/vc_row]<\/p>\n<\/div>","protected":false},"excerpt":{"rendered":"<p>[vc_row equal_height=&#8220;yes&#8220; canvas=&#8220;%5B%7B%22shape%22%3A%22shape-1%22%2C%22image_effect%22%3A%22style-1%22%2C%22smoothness%22%3A%2230%22%7D%5D&#8220; el_id=&#8220;contact-row&#8220;][vc_column][\/vc_column][vc_column css_animation=&#8220;fadeIn&#8220; width=&#8220;1\/2&#8243; offset=&#8220;vc_col-md-4&#8243;][\/vc_column][vc_column css_animation=&#8220;fadeIn&#8220; width=&#8220;1\/2&#8243; offset=&#8220;vc_col-md-4&#8243;][\/vc_column][vc_column css_animation=&#8220;fadeIn&#8220; width=&#8220;1\/2&#8243; offset=&#8220;vc_col-md-4&#8243;][\/vc_column][vc_column css_animation=&#8220;fadeIn&#8220;][vc_row_inner][vc_column_inner width=&#8220;1\/3&#8243;][\/vc_column_inner][vc_column_inner width=&#8220;1\/3&#8243;][\/vc_column_inner][vc_column_inner width=&#8220;1\/3&#8243;][\/vc_column_inner][\/vc_row_inner][\/vc_column][\/vc_row][vc_row full_width=&#8220;stretch_row&#8220; canvas=&#8220;%5B%7B%22shape%22%3A%22shape-1%22%2C%22image_effect%22%3A%22style-1%22%2C%22smoothness%22%3A%2230%22%7D%5D&#8220; css=&#8220;.vc_custom_1594700231712{background-position: center !important;background-repeat: no-repeat !important;background-size: cover !important;}&#8220;][vc_column][vc_empty_space height=&#8220;65px&#8220;][vc_empty_space height=&#8220;65px&#8220;][vc_empty_space height=&#8220;65px&#8220;][\/vc_column][\/vc_row][vc_row full_width=&#8220;stretch_row&#8220; canvas=&#8220;%5B%7B%22shape%22%3A%22shape-1%22%2C%22image_effect%22%3A%22style-1%22%2C%22smoothness%22%3A%2230%22%7D%5D&#8220; css=&#8220;.vc_custom_1693205360528{background-position: center !important;background-repeat: no-repeat !important;background-size: cover !important;}&#8220;][vc_column][vc_gmaps link=&#8220;#E-8_JTNDaWZyYW1lJTIwc3JjJTNEJTIyaHR0cHMlM0ElMkYlMkZ3d3cuZ29vZ2xlLmNvbSUyRm1hcHMlMkZlbWJlZCUzRnBiJTNEJTIxMW0xOCUyMTFtMTIlMjExbTMlMjExZDIzNzcuNTAzNTY1NjE4MDE1MyUyMTJkMTQuNTU4Mzc4OTg1ODQ4MTU0JTIxM2Q1My40MjM3MDM5NjYzMDEzNCUyMTJtMyUyMTFmMCUyMTJmMCUyMTNmMCUyMTNtMiUyMTFpMTAyNCUyMTJpNzY4JTIxNGYxMy4xJTIxM20zJTIxMW0yJTIxMXMweDQ3YWEwOTBmNzZiZDFlYWIlMjUzQTB4YjE5MDM4NDEzY2FhYmNiZiUyMTJzV2lydHVhbG5lJTI1MjBCaXVybyUyNTIwU2llbm5hJTI1MjA5JTIxNWUwJTIxM20yJTIxMXNlbiUyMTJzcGwlMjE0djE2OTMyMDUzMDQwNjIlMjE1bTIlMjExc2VuJTIxMnNwbCUyMiUyMHdpZHRoJTNEJTIyNjAwJTIyJTIwaGVpZ2h0JTNEJTIyNDUwJTIyJTIwc3R5bGUlM0QlMjJib3JkZXIlM0EwJTNCJTIyJTIwYWxsb3dmdWxsc2NyZWVuJTNEJTIyJTIyJTIwbG9hZGluZyUzRCUyMmxhenklMjIlMjByZWZlcnJlcnBvbGljeSUzRCUyMm5vLXJlZmVycmVyLXdoZW4tZG93bmdyYWRlJTIyJTNFJTNDJTJGaWZyYW1lJTNF&#8220; size=&#8220;&#8220;][\/vc_column][\/vc_row]<\/p>\n","protected":false},"author":1,"featured_media":0,"parent":0,"menu_order":0,"comment_status":"closed","ping_status":"closed","template":"","meta":{"footnotes":""},"class_list":["post-4402","page","type-page","status-publish","hentry"],"_links":{"self":[{"href":"https:\/\/sienna9.pl\/de\/wp-json\/wp\/v2\/pages\/4402","targetHints":{"allow":["GET"]}}],"collection":[{"href":"https:\/\/sienna9.pl\/de\/wp-json\/wp\/v2\/pages"}],"about":[{"href":"https:\/\/sienna9.pl\/de\/wp-json\/wp\/v2\/types\/page"}],"author":[{"embeddable":true,"href":"https:\/\/sienna9.pl\/de\/wp-json\/wp\/v2\/users\/1"}],"replies":[{"embeddable":true,"href":"https:\/\/sienna9.pl\/de\/wp-json\/wp\/v2\/comments?post=4402"}],"version-history":[{"count":1,"href":"https:\/\/sienna9.pl\/de\/wp-json\/wp\/v2\/pages\/4402\/revisions"}],"predecessor-version":[{"id":5715,"href":"https:\/\/sienna9.pl\/de\/wp-json\/wp\/v2\/pages\/4402\/revisions\/5715"}],"wp:attachment":[{"href":"https:\/\/sienna9.pl\/de\/wp-json\/wp\/v2\/media?parent=4402"}],"curies":[{"name":"wp","href":"https:\/\/api.w.org\/{rel}","templated":true}]}}